{"id":2,"date":"2011-07-13T20:53:23","date_gmt":"2011-07-13T20:53:23","guid":{"rendered":"http:\/\/microgecko.com\/binnacle\/?page_id=2"},"modified":"2011-08-29T11:30:03","modified_gmt":"2011-08-29T16:30:03","slug":"sample-page","status":"publish","type":"page","link":"https:\/\/microgecko.isi.com.mx\/?page_id=2","title":{"rendered":"La raz\u00f3n de \u00e9ste sitio"},"content":{"rendered":"<p><strong>Hola a todos<\/strong><\/p>\n<p>Este sitio no tiene mas pretensiones que dejar en un solo lugar los temas que en alg\u00fan momento me han parecido interesantes, y en alg\u00fan momento poder contribuir con alg\u00fan conocimiento que a alguien le pueda ser \u00fatil<\/p>\n<p><strong>El nombre del sitio<\/strong><\/p>\n<p style=\"text-align: left;\">Compuesto de <strong>micro<\/strong>, alusivo a las micro-computadoras, &#8212;\u00a0 ya que gracias a ellas actualmente la tecnolog\u00eda inform\u00e1tica est\u00e1 al alcance &#8212;\u00a0\u00a0 y de la palabra gecko, por la simple raz\u00f3n que me gustan los geckos y hace aluci\u00f3n al slang <strong>geek<\/strong> &#8212; que se refiere a aquellos que les entusiasma la tecnolog\u00eda y por cierto que la ra\u00edz geck, sobrevive en el idioma alem\u00e1n\u00a0 &#8212;<\/p>\n<p><a href=\"http:\/\/microgecko.com\/binnacle\/wp-content\/uploads\/2011\/07\/gecko_toon.gif\"><img loading=\"lazy\" decoding=\"async\" class=\"aligncenter size-thumbnail wp-image-87\" title=\"gecko_toon\" src=\"http:\/\/microgecko.com\/binnacle\/wp-content\/uploads\/2011\/07\/gecko_toon-150x150.gif\" alt=\"\" width=\"150\" height=\"150\" \/><\/a><\/p>\n<p><strong>Responsabilidad de contenido.<\/strong><\/p>\n<ul>\n<li>En los casos necesarios, se citan las fuentes de la informaci\u00f3n, si por error se hace la omisi\u00f3n, se agradecen los comentarios para hacer las correcciones debidas.<\/li>\n<li>Por otro lado, quiero dejar en claro que por los temas que puedan llegar a tratarse, hay el riesgo de que a algunos no les gusten las opiniones. A esas personas les digo no hay la intenci\u00f3n ofender y les pido que si van a hacer comentarios, sean con razones y fundamentos.<\/li>\n<\/ul>\n<p>&nbsp;<\/p>\n","protected":false},"excerpt":{"rendered":"<p>Hola a todos Este sitio no tiene mas pretensiones que dejar en un solo lugar los temas que en alg\u00fan momento me han parecido interesantes, y en alg\u00fan momento poder contribuir con alg\u00fan conocimiento que a alguien le pueda ser \u00fatil El nombre del sitio Compuesto de micro, alusivo a las micro-computadoras, &#8212;\u00a0 ya que [&hellip;]<\/p>\n","protected":false},"author":1,"featured_media":0,"parent":0,"menu_order":0,"comment_status":"open","ping_status":"open","template":"","meta":{"footnotes":""},"_links":{"self":[{"href":"https:\/\/microgecko.isi.com.mx\/index.php?rest_route=\/wp\/v2\/pages\/2"}],"collection":[{"href":"https:\/\/microgecko.isi.com.mx\/index.php?rest_route=\/wp\/v2\/pages"}],"about":[{"href":"https:\/\/microgecko.isi.com.mx\/index.php?rest_route=\/wp\/v2\/types\/page"}],"author":[{"embeddable":true,"href":"https:\/\/microgecko.isi.com.mx\/index.php?rest_route=\/wp\/v2\/users\/1"}],"replies":[{"embeddable":true,"href":"https:\/\/microgecko.isi.com.mx\/index.php?rest_route=%2Fwp%2Fv2%2Fcomments&post=2"}],"version-history":[{"count":2,"href":"https:\/\/microgecko.isi.com.mx\/index.php?rest_route=\/wp\/v2\/pages\/2\/revisions"}],"predecessor-version":[{"id":85,"href":"https:\/\/microgecko.isi.com.mx\/index.php?rest_route=\/wp\/v2\/pages\/2\/revisions\/85"}],"wp:attachment":[{"href":"https:\/\/microgecko.isi.com.mx\/index.php?rest_route=%2Fwp%2Fv2%2Fmedia&parent=2"}],"curies":[{"name":"wp","href":"https:\/\/api.w.org\/{rel}","templated":true}]}}